{"id":3064,"date":"2024-08-27T19:23:58","date_gmt":"2024-08-27T19:23:58","guid":{"rendered":"https:\/\/tejaslp.gob.mx\/intranet\/?page_id=3064"},"modified":"2025-08-15T15:51:18","modified_gmt":"2025-08-15T15:51:18","slug":"firma-electronica","status":"publish","type":"page","link":"https:\/\/tejaslp.gob.mx\/IntranetTEJA\/firma-electronica\/","title":{"rendered":"Firma electr\u00f3nica"},"content":{"rendered":"\t\t<div data-elementor-type=\"wp-page\" data-elementor-id=\"3064\" class=\"elementor elementor-3064\">\n\t\t\t\t\t\t<section class=\"elementor-section elementor-top-section elementor-element elementor-element-d2a8112 elementor-section-boxed elementor-section-height-default elementor-section-height-default\" data-id=\"d2a8112\" data-element_type=\"section\" data-e-type=\"section\">\n\t\t\t\t\t\t<div class=\"elementor-container elementor-column-gap-default\">\n\t\t\t\t\t<div class=\"elementor-column elementor-col-100 elementor-top-column elementor-element elementor-element-b69e826\" data-id=\"b69e826\" data-element_type=\"column\" data-e-type=\"column\">\n\t\t\t<div class=\"elementor-widget-wrap elementor-element-populated\">\n\t\t\t\t\t\t<div class=\"elementor-element elementor-element-6aef19f elementor-widget__width-initial elementor-widget elementor-widget-heading\" data-id=\"6aef19f\" data-element_type=\"widget\" data-e-type=\"widget\" data-widget_type=\"heading.default\">\n\t\t\t\t\t<h2 class=\"elementor-heading-title elementor-size-default\">Una sola firma o varias en diferentes momentos (sobrepuestas)<\/h2>\t\t\t\t<\/div>\n\t\t\t\t\t<\/div>\n\t\t<\/div>\n\t\t\t\t\t<\/div>\n\t\t<\/section>\n\t\t\t\t<section class=\"elementor-section elementor-top-section elementor-element elementor-element-9a482d4 elementor-section-boxed elementor-section-height-default elementor-section-height-default\" data-id=\"9a482d4\" data-element_type=\"section\" data-e-type=\"section\">\n\t\t\t\t\t\t<div class=\"elementor-container elementor-column-gap-default\">\n\t\t\t\t\t<div class=\"elementor-column elementor-col-50 elementor-top-column elementor-element elementor-element-95f5968\" data-id=\"95f5968\" data-element_type=\"column\" data-e-type=\"column\">\n\t\t\t<div class=\"elementor-widget-wrap elementor-element-populated\">\n\t\t\t\t\t\t<div class=\"elementor-element elementor-element-6cd20fc elementor-widget elementor-widget-image\" data-id=\"6cd20fc\" data-element_type=\"widget\" data-e-type=\"widget\" data-widget_type=\"image.default\">\n\t\t\t\t\t\t\t\t\t\t\t\t\t\t\t<img decoding=\"async\" src=\"https:\/\/tejaslp.gob.mx\/intranet\/intranetsangron\/wp-content\/uploads\/2024\/08\/iconovacaciones-2.png\" title=\"\" alt=\"\" loading=\"lazy\" \/>\t\t\t\t\t\t\t\t\t\t\t\t\t\t\t<\/div>\n\t\t\t\t\t<\/div>\n\t\t<\/div>\n\t\t\t\t<div class=\"elementor-column elementor-col-50 elementor-top-column elementor-element elementor-element-a99c772\" data-id=\"a99c772\" data-element_type=\"column\" data-e-type=\"column\">\n\t\t\t<div class=\"elementor-widget-wrap elementor-element-populated\">\n\t\t\t\t\t\t<div class=\"elementor-element elementor-element-106bc28 elementor-widget__width-initial elementor-widget elementor-widget-text-editor\" data-id=\"106bc28\" data-element_type=\"widget\" data-e-type=\"widget\" data-widget_type=\"text-editor.default\">\n\t\t\t\t\t\t\t\t\t<h4 class=\"elementor-heading-title elementor-size-default\" style=\"font-family: 'Josefin Sans'; font-size: 29px; font-style: normal; font-weight: 400; color: #080808; font-variant-ligatures: normal; font-variant-caps: normal; background-color: #fcfcfc;\">1.- Seleccionar el archivo que deseas firmar (deber\u00e1 tener formato pdf, doc o docx)<br \/>2.-Seleccionar el archivo que contiene tu firma electr\u00f3nica (FIREL)<br \/>3.-Porporcinar contrase\u00f1a de tu FIREL<\/h4>\t\t\t\t\t\t\t\t<\/div>\n\t\t\t\t<div class=\"elementor-element elementor-element-f5d30cf elementor-widget__width-initial elementor-align-center elementor-widget elementor-widget-button\" data-id=\"f5d30cf\" data-element_type=\"widget\" data-e-type=\"widget\" data-widget_type=\"button.default\">\n\t\t\t\t\t\t\t\t\t\t<a class=\"elementor-button elementor-button-link elementor-size-xs\" href=\"http:\/\/interconexionteja.tejaslp.gob.mx\/firma\" target=\"_blank\">\n\t\t\t\t\t\t<span class=\"elementor-button-content-wrapper\">\n\t\t\t\t\t\t\t\t\t<span class=\"elementor-button-text\">FIRMAR<\/span>\n\t\t\t\t\t<\/span>\n\t\t\t\t\t<\/a>\n\t\t\t\t\t\t\t\t<\/div>\n\t\t\t\t\t<\/div>\n\t\t<\/div>\n\t\t\t\t\t<\/div>\n\t\t<\/section>\n\t\t\t\t<section class=\"elementor-section elementor-top-section elementor-element elementor-element-21912f0 elementor-section-boxed elementor-section-height-default elementor-section-height-default\" data-id=\"21912f0\" data-element_type=\"section\" data-e-type=\"section\">\n\t\t\t\t\t\t<div class=\"elementor-container elementor-column-gap-default\">\n\t\t\t\t\t<div class=\"elementor-column elementor-col-100 elementor-top-column elementor-element elementor-element-b29a199\" data-id=\"b29a199\" data-element_type=\"column\" data-e-type=\"column\">\n\t\t\t<div class=\"elementor-widget-wrap elementor-element-populated\">\n\t\t\t\t\t\t<div class=\"elementor-element elementor-element-d573ea0 elementor-widget elementor-widget-spacer\" data-id=\"d573ea0\" data-element_type=\"widget\" data-e-type=\"widget\" data-widget_type=\"spacer.default\">\n\t\t\t\t\t\t\t<div class=\"elementor-spacer\">\n\t\t\t<div class=\"elementor-spacer-inner\"><\/div>\n\t\t<\/div>\n\t\t\t\t\t\t<\/div>\n\t\t\t\t\t<\/div>\n\t\t<\/div>\n\t\t\t\t\t<\/div>\n\t\t<\/section>\n\t\t\t\t<section class=\"elementor-section elementor-top-section elementor-element elementor-element-5dbee60 elementor-section-boxed elementor-section-height-default elementor-section-height-default\" data-id=\"5dbee60\" data-element_type=\"section\" data-e-type=\"section\">\n\t\t\t\t\t\t<div class=\"elementor-container elementor-column-gap-default\">\n\t\t\t\t\t<div class=\"elementor-column elementor-col-100 elementor-top-column elementor-element elementor-element-9c7d86c\" data-id=\"9c7d86c\" data-element_type=\"column\" data-e-type=\"column\">\n\t\t\t<div class=\"elementor-widget-wrap elementor-element-populated\">\n\t\t\t\t\t\t<div class=\"elementor-element elementor-element-c909bc4 elementor-widget__width-initial elementor-widget elementor-widget-heading\" data-id=\"c909bc4\" data-element_type=\"widget\" data-e-type=\"widget\" data-widget_type=\"heading.default\">\n\t\t\t\t\t<h2 class=\"elementor-heading-title elementor-size-default\">Multi firma en un solo momento<\/h2>\t\t\t\t<\/div>\n\t\t\t\t\t<\/div>\n\t\t<\/div>\n\t\t\t\t\t<\/div>\n\t\t<\/section>\n\t\t\t\t<section class=\"elementor-section elementor-top-section elementor-element elementor-element-e77ebb3 elementor-section-boxed elementor-section-height-default elementor-section-height-default\" data-id=\"e77ebb3\" data-element_type=\"section\" data-e-type=\"section\">\n\t\t\t\t\t\t<div class=\"elementor-container elementor-column-gap-default\">\n\t\t\t\t\t<div class=\"elementor-column elementor-col-50 elementor-top-column elementor-element elementor-element-545fdba\" data-id=\"545fdba\" data-element_type=\"column\" data-e-type=\"column\">\n\t\t\t<div class=\"elementor-widget-wrap elementor-element-populated\">\n\t\t\t\t\t\t<div class=\"elementor-element elementor-element-a6cb9a2 elementor-widget elementor-widget-image\" data-id=\"a6cb9a2\" data-element_type=\"widget\" data-e-type=\"widget\" data-widget_type=\"image.default\">\n\t\t\t\t\t\t\t\t\t\t\t\t\t\t\t<img decoding=\"async\" src=\"https:\/\/tejaslp.gob.mx\/intranet\/intranetsangron\/wp-content\/uploads\/2024\/08\/iconovacaciones-2.png\" title=\"\" alt=\"\" loading=\"lazy\" \/>\t\t\t\t\t\t\t\t\t\t\t\t\t\t\t<\/div>\n\t\t\t\t\t<\/div>\n\t\t<\/div>\n\t\t\t\t<div class=\"elementor-column elementor-col-50 elementor-top-column elementor-element elementor-element-a85c10b\" data-id=\"a85c10b\" data-element_type=\"column\" data-e-type=\"column\">\n\t\t\t<div class=\"elementor-widget-wrap elementor-element-populated\">\n\t\t\t\t\t\t<div class=\"elementor-element elementor-element-baa6bb6 elementor-widget__width-initial elementor-widget elementor-widget-text-editor\" data-id=\"baa6bb6\" data-element_type=\"widget\" data-e-type=\"widget\" data-widget_type=\"text-editor.default\">\n\t\t\t\t\t\t\t\t\t<h4 class=\"elementor-heading-title elementor-size-default\" style=\"font-family: 'Josefin Sans'; font-size: 29px; font-style: normal; font-weight: 400; color: #080808; font-variant-ligatures: normal; font-variant-caps: normal; background-color: #fcfcfc;\">1.- Seleccionar el archivo que deseas firmar (deber\u00e1 tener formato pdf, doc o docx)<br \/>2.-Seleccionar el archivo que contiene tu firma electr\u00f3nica (FIREL)<br \/>3.-Porporcinar contrase\u00f1a de tu FIREL<\/h4>\t\t\t\t\t\t\t\t<\/div>\n\t\t\t\t<div class=\"elementor-element elementor-element-46c808a elementor-widget__width-initial elementor-align-center elementor-widget elementor-widget-button\" data-id=\"46c808a\" data-element_type=\"widget\" data-e-type=\"widget\" data-widget_type=\"button.default\">\n\t\t\t\t\t\t\t\t\t\t<a class=\"elementor-button elementor-button-link elementor-size-sm\" href=\"http:\/\/interconexionteja.tejaslp.gob.mx\/multifirma\" target=\"_blank\">\n\t\t\t\t\t\t<span class=\"elementor-button-content-wrapper\">\n\t\t\t\t\t\t\t\t\t<span class=\"elementor-button-text\">FIRMAR<\/span>\n\t\t\t\t\t<\/span>\n\t\t\t\t\t<\/a>\n\t\t\t\t\t\t\t\t<\/div>\n\t\t\t\t\t<\/div>\n\t\t<\/div>\n\t\t\t\t\t<\/div>\n\t\t<\/section>\n\t\t\t\t<section class=\"elementor-section elementor-top-section elementor-element elementor-element-736841a elementor-section-boxed elementor-section-height-default elementor-section-height-default\" data-id=\"736841a\" data-element_type=\"section\" data-e-type=\"section\">\n\t\t\t\t\t\t<div class=\"elementor-container elementor-column-gap-default\">\n\t\t\t\t\t<div class=\"elementor-column elementor-col-100 elementor-top-column elementor-element elementor-element-b1c81e2\" data-id=\"b1c81e2\" data-element_type=\"column\" data-e-type=\"column\">\n\t\t\t<div class=\"elementor-widget-wrap elementor-element-populated\">\n\t\t\t\t\t\t<div class=\"elementor-element elementor-element-aa7e5ca elementor-widget elementor-widget-spacer\" data-id=\"aa7e5ca\" data-element_type=\"widget\" data-e-type=\"widget\" data-widget_type=\"spacer.default\">\n\t\t\t\t\t\t\t<div class=\"elementor-spacer\">\n\t\t\t<div class=\"elementor-spacer-inner\"><\/div>\n\t\t<\/div>\n\t\t\t\t\t\t<\/div>\n\t\t\t\t\t<\/div>\n\t\t<\/div>\n\t\t\t\t\t<\/div>\n\t\t<\/section>\n\t\t\t\t<section class=\"elementor-section elementor-top-section elementor-element elementor-element-9af6cad elementor-section-boxed elementor-section-height-default elementor-section-height-default\" data-id=\"9af6cad\" data-element_type=\"section\" data-e-type=\"section\">\n\t\t\t\t\t\t<div class=\"elementor-container elementor-column-gap-default\">\n\t\t\t\t\t<div class=\"elementor-column elementor-col-100 elementor-top-column elementor-element elementor-element-f9697e6\" data-id=\"f9697e6\" data-element_type=\"column\" data-e-type=\"column\">\n\t\t\t<div class=\"elementor-widget-wrap elementor-element-populated\">\n\t\t\t\t\t\t<div class=\"elementor-element elementor-element-702a3dc elementor-widget-divider--view-line elementor-widget elementor-widget-divider\" data-id=\"702a3dc\" data-element_type=\"widget\" data-e-type=\"widget\" data-widget_type=\"divider.default\">\n\t\t\t\t\t\t\t<div class=\"elementor-divider\">\n\t\t\t<span class=\"elementor-divider-separator\">\n\t\t\t\t\t\t<\/span>\n\t\t<\/div>\n\t\t\t\t\t\t<\/div>\n\t\t\t\t\t<\/div>\n\t\t<\/div>\n\t\t\t\t\t<\/div>\n\t\t<\/section>\n\t\t\t\t<section class=\"elementor-section elementor-top-section elementor-element elementor-element-3b4be4a elementor-section-boxed elementor-section-height-default elementor-section-height-default\" data-id=\"3b4be4a\" data-element_type=\"section\" data-e-type=\"section\">\n\t\t\t\t\t\t<div class=\"elementor-container elementor-column-gap-default\">\n\t\t\t\t\t<div class=\"elementor-column elementor-col-100 elementor-top-column elementor-element elementor-element-1150111\" data-id=\"1150111\" data-element_type=\"column\" data-e-type=\"column\">\n\t\t\t<div class=\"elementor-widget-wrap elementor-element-populated\">\n\t\t\t\t\t\t<div class=\"elementor-element elementor-element-50cd539 elementor-widget__width-initial elementor-widget elementor-widget-heading\" data-id=\"50cd539\" data-element_type=\"widget\" data-e-type=\"widget\" data-widget_type=\"heading.default\">\n\t\t\t\t\t<h2 class=\"elementor-heading-title elementor-size-default\">Generaci\u00f3n de evidencia<\/h2>\t\t\t\t<\/div>\n\t\t\t\t\t<\/div>\n\t\t<\/div>\n\t\t\t\t\t<\/div>\n\t\t<\/section>\n\t\t\t\t<section class=\"elementor-section elementor-top-section elementor-element elementor-element-8f15b6e elementor-section-boxed elementor-section-height-default elementor-section-height-default\" data-id=\"8f15b6e\" data-element_type=\"section\" data-e-type=\"section\">\n\t\t\t\t\t\t<div class=\"elementor-container elementor-column-gap-default\">\n\t\t\t\t\t<div class=\"elementor-column elementor-col-50 elementor-top-column elementor-element elementor-element-d660e21\" data-id=\"d660e21\" data-element_type=\"column\" data-e-type=\"column\">\n\t\t\t<div class=\"elementor-widget-wrap elementor-element-populated\">\n\t\t\t\t\t\t<div class=\"elementor-element elementor-element-be8e55c elementor-widget elementor-widget-image\" data-id=\"be8e55c\" data-element_type=\"widget\" data-e-type=\"widget\" data-widget_type=\"image.default\">\n\t\t\t\t\t\t\t\t\t\t\t\t\t\t\t<img decoding=\"async\" src=\"https:\/\/tejaslp.gob.mx\/intranet\/intranetsangron\/wp-content\/uploads\/2024\/08\/iconovacaciones-3.png\" title=\"\" alt=\"\" loading=\"lazy\" \/>\t\t\t\t\t\t\t\t\t\t\t\t\t\t\t<\/div>\n\t\t\t\t\t<\/div>\n\t\t<\/div>\n\t\t\t\t<div class=\"elementor-column elementor-col-50 elementor-top-column elementor-element elementor-element-a3dc3f9\" data-id=\"a3dc3f9\" data-element_type=\"column\" data-e-type=\"column\">\n\t\t\t<div class=\"elementor-widget-wrap elementor-element-populated\">\n\t\t\t\t\t\t<div class=\"elementor-element elementor-element-5508449 elementor-widget elementor-widget-text-editor\" data-id=\"5508449\" data-element_type=\"widget\" data-e-type=\"widget\" data-widget_type=\"text-editor.default\">\n\t\t\t\t\t\t\t\t\t<h4 class=\"elementor-heading-title elementor-size-default\" style=\"font-family: 'Josefin Sans'; font-size: 29px; font-style: normal; font-weight: 400; color: #080808; font-variant-ligatures: normal; font-variant-caps: normal; background-color: #fcfcfc;\">Para generar el documento con la evidencia criptogr\u00e1fica, seleccionaras el archivo con extensi\u00f3n pkcs7 que se genero en los pasos anteriores.<\/h4>\t\t\t\t\t\t\t\t<\/div>\n\t\t\t\t<div class=\"elementor-element elementor-element-1368254 elementor-align-center elementor-widget__width-initial elementor-widget elementor-widget-button\" data-id=\"1368254\" data-element_type=\"widget\" data-e-type=\"widget\" data-widget_type=\"button.default\">\n\t\t\t\t\t\t\t\t\t\t<a class=\"elementor-button elementor-button-link elementor-size-sm\" href=\"http:\/\/interconexionteja.tejaslp.gob.mx\/evidencia\" target=\"_blank\">\n\t\t\t\t\t\t<span class=\"elementor-button-content-wrapper\">\n\t\t\t\t\t\t\t\t\t<span class=\"elementor-button-text\">EVIDENCIA<\/span>\n\t\t\t\t\t<\/span>\n\t\t\t\t\t<\/a>\n\t\t\t\t\t\t\t\t<\/div>\n\t\t\t\t\t<\/div>\n\t\t<\/div>\n\t\t\t\t\t<\/div>\n\t\t<\/section>\n\t\t\t\t<\/div>\n\t\t","protected":false},"excerpt":{"rendered":"<p>Una sola firma o varias en diferentes momentos (sobrepuestas) 1.- Seleccionar el archivo que deseas firmar (deber\u00e1 tener formato pdf, doc o docx)2.-Seleccionar el archivo que contiene tu firma electr\u00f3nica (FIREL)3.-Porporcinar contrase\u00f1a de tu FIREL FIRMAR Multi firma en un solo momento 1.- Seleccionar el archivo que deseas firmar (deber\u00e1 tener formato pdf, doc o [&hellip;]<\/p>\n","protected":false},"author":1,"featured_media":0,"parent":0,"menu_order":0,"comment_status":"closed","ping_status":"closed","template":"","meta":{"footnotes":""},"class_list":["post-3064","page","type-page","status-publish","hentry","entry"],"_links":{"self":[{"href":"https:\/\/tejaslp.gob.mx\/IntranetTEJA\/wp-json\/wp\/v2\/pages\/3064","targetHints":{"allow":["GET"]}}],"collection":[{"href":"https:\/\/tejaslp.gob.mx\/IntranetTEJA\/wp-json\/wp\/v2\/pages"}],"about":[{"href":"https:\/\/tejaslp.gob.mx\/IntranetTEJA\/wp-json\/wp\/v2\/types\/page"}],"author":[{"embeddable":true,"href":"https:\/\/tejaslp.gob.mx\/IntranetTEJA\/wp-json\/wp\/v2\/users\/1"}],"replies":[{"embeddable":true,"href":"https:\/\/tejaslp.gob.mx\/IntranetTEJA\/wp-json\/wp\/v2\/comments?post=3064"}],"version-history":[{"count":6,"href":"https:\/\/tejaslp.gob.mx\/IntranetTEJA\/wp-json\/wp\/v2\/pages\/3064\/revisions"}],"predecessor-version":[{"id":8393,"href":"https:\/\/tejaslp.gob.mx\/IntranetTEJA\/wp-json\/wp\/v2\/pages\/3064\/revisions\/8393"}],"wp:attachment":[{"href":"https:\/\/tejaslp.gob.mx\/IntranetTEJA\/wp-json\/wp\/v2\/media?parent=3064"}],"curies":[{"name":"wp","href":"https:\/\/api.w.org\/{rel}","templated":true}]}}